{"id":15494,"date":"2016-06-23T15:28:44","date_gmt":"2016-06-23T15:28:44","guid":{"rendered":"http:\/\/droitsacces.com\/?page_id=15494&#038;lang=en"},"modified":"2024-12-04T08:49:09","modified_gmt":"2024-12-04T13:49:09","slug":"board-of-directors","status":"publish","type":"page","link":"https:\/\/droitsacces.com\/en\/organization\/board-of-directors\/","title":{"rendered":"Board of directors"},"content":{"rendered":"<div class=\"wpb-content-wrapper\"><p>[vc_row css_animation=&#8221;&#8221; row_type=&#8221;row&#8221; use_row_as_full_screen_section=&#8221;no&#8221; type=&#8221;full_width&#8221; angled_section=&#8221;no&#8221; text_align=&#8221;left&#8221; background_image_as_pattern=&#8221;without_pattern&#8221;][vc_column][vc_row_inner row_type=&#8221;row&#8221; type=&#8221;grid&#8221; text_align=&#8221;left&#8221; css_animation=&#8221;&#8221;][vc_column_inner][vc_separator type=&#8221;transparent&#8221; thickness=&#8221;25&#8243;][vc_column_text css=&#8221;&#8221;]<\/p>\n<h2>Joannie Campeau<\/h2>\n<h3>President<\/h3>\n<h2>Julie S\u00e9n\u00e9cal<\/h2>\n<h3>Treasurer<\/h3>\n<h2>Nadine Hupp\u00e9<\/h2>\n<h3>Secretary<\/h3>\n<h2>Nathalie Marceau<\/h2>\n<h3>Administrator<\/h3>\n<h2>Carole Gigu\u00e8re<\/h2>\n<h3>Administrator<\/h3>\n<h2>Catherine Levasseur-Therrien<\/h2>\n<h3>Administrator<\/h3>\n<p>[\/vc_column_text][\/vc_column_inner][\/vc_row_inner][\/vc_column][\/vc_row]<\/p>\n<\/div>","protected":false},"excerpt":{"rendered":"<p>[vc_row css_animation=&#8221;&#8221; row_type=&#8221;row&#8221; use_row_as_full_screen_section=&#8221;no&#8221; type=&#8221;full_width&#8221; angled_section=&#8221;no&#8221; text_align=&#8221;left&#8221; background_image_as_pattern=&#8221;without_pattern&#8221;][vc_column][vc_row_inner row_type=&#8221;row&#8221; type=&#8221;grid&#8221; text_align=&#8221;left&#8221; css_animation=&#8221;&#8221;][vc_column_inner][vc_separator type=&#8221;transparent&#8221; thickness=&#8221;25&#8243;][vc_column_text css=&#8221;&#8221;] Joannie Campeau President Julie S\u00e9n\u00e9cal Treasurer Nadine Hupp\u00e9 Secretary Nathalie Marceau Administrator Carole Gigu\u00e8re Administrator Catherine Levasseur-Therrien Administrator [\/vc_column_text][\/vc_column_inner][\/vc_row_inner][\/vc_column][\/vc_row]<\/p>\n","protected":false},"author":2,"featured_media":0,"parent":15524,"menu_order":0,"comment_status":"closed","ping_status":"closed","template":"full_width.php","meta":{"_acf_changed":false,"footnotes":""},"class_list":["post-15494","page","type-page","status-publish","hentry"],"acf":[],"yoast_head":"<!-- This site is optimized with the Yoast SEO plugin v27.2 - https:\/\/yoast.com\/product\/yoast-seo-wordpress\/ -->\n<title>Board of directors - Droits-Acc\u00e8s de l&#039;Outaouais<\/title>\n<meta name=\"description\" content=\"Our board of directors\" \/>\n<meta name=\"robots\" content=\"index, follow, max-snippet:-1, max-image-preview:large, max-video-preview:-1\" \/>\n<link rel=\"canonical\" href=\"https:\/\/droitsacces.com\/en\/organization\/board-of-directors\/\" \/>\n<meta property=\"og:locale\" content=\"en_US\" \/>\n<meta property=\"og:type\" content=\"article\" \/>\n<meta property=\"og:title\" content=\"Board of directors - Droits-Acc\u00e8s de l&#039;Outaouais\" \/>\n<meta property=\"og:description\" content=\"Our board of directors\" \/>\n<meta property=\"og:url\" content=\"https:\/\/droitsacces.com\/en\/organization\/board-of-directors\/\" \/>\n<meta property=\"og:site_name\" content=\"Droits-Acc\u00e8s de l&#039;Outaouais\" \/>\n<meta property=\"article:modified_time\" content=\"2024-12-04T13:49:09+00:00\" \/>\n<meta name=\"twitter:card\" content=\"summary_large_image\" \/>\n<meta name=\"twitter:label1\" content=\"Est. reading time\" \/>\n\t<meta name=\"twitter:data1\" content=\"1 minute\" \/>\n<script type=\"application\/ld+json\" class=\"yoast-schema-graph\">{\"@context\":\"https:\/\/schema.org\",\"@graph\":[{\"@type\":\"WebPage\",\"@id\":\"https:\/\/droitsacces.com\/en\/organization\/board-of-directors\/\",\"url\":\"https:\/\/droitsacces.com\/en\/organization\/board-of-directors\/\",\"name\":\"Board of directors - Droits-Acc\u00e8s de l&#039;Outaouais\",\"isPartOf\":{\"@id\":\"https:\/\/droitsacces.com\/#website\"},\"datePublished\":\"2016-06-23T15:28:44+00:00\",\"dateModified\":\"2024-12-04T13:49:09+00:00\",\"description\":\"Our board of directors\",\"breadcrumb\":{\"@id\":\"https:\/\/droitsacces.com\/en\/organization\/board-of-directors\/#breadcrumb\"},\"inLanguage\":\"en-US\",\"potentialAction\":[{\"@type\":\"ReadAction\",\"target\":[\"https:\/\/droitsacces.com\/en\/organization\/board-of-directors\/\"]}]},{\"@type\":\"BreadcrumbList\",\"@id\":\"https:\/\/droitsacces.com\/en\/organization\/board-of-directors\/#breadcrumb\",\"itemListElement\":[{\"@type\":\"ListItem\",\"position\":1,\"name\":\"Accueil\",\"item\":\"https:\/\/droitsacces.com\/en\/\"},{\"@type\":\"ListItem\",\"position\":2,\"name\":\"Organization\",\"item\":\"https:\/\/droitsacces.com\/organisme\/\"},{\"@type\":\"ListItem\",\"position\":3,\"name\":\"Board of directors\"}]},{\"@type\":\"WebSite\",\"@id\":\"https:\/\/droitsacces.com\/#website\",\"url\":\"https:\/\/droitsacces.com\/\",\"name\":\"Droits-Acc\u00e8s de l&#039;Outaouais\",\"description\":\"DAO\",\"potentialAction\":[{\"@type\":\"SearchAction\",\"target\":{\"@type\":\"EntryPoint\",\"urlTemplate\":\"https:\/\/droitsacces.com\/?s={search_term_string}\"},\"query-input\":{\"@type\":\"PropertyValueSpecification\",\"valueRequired\":true,\"valueName\":\"search_term_string\"}}],\"inLanguage\":\"en-US\"}]}<\/script>\n<!-- \/ Yoast SEO plugin. -->","yoast_head_json":{"title":"Board of directors - Droits-Acc\u00e8s de l&#039;Outaouais","description":"Our board of directors","robots":{"index":"index","follow":"follow","max-snippet":"max-snippet:-1","max-image-preview":"max-image-preview:large","max-video-preview":"max-video-preview:-1"},"canonical":"https:\/\/droitsacces.com\/en\/organization\/board-of-directors\/","og_locale":"en_US","og_type":"article","og_title":"Board of directors - Droits-Acc\u00e8s de l&#039;Outaouais","og_description":"Our board of directors","og_url":"https:\/\/droitsacces.com\/en\/organization\/board-of-directors\/","og_site_name":"Droits-Acc\u00e8s de l&#039;Outaouais","article_modified_time":"2024-12-04T13:49:09+00:00","twitter_card":"summary_large_image","twitter_misc":{"Est. reading time":"1 minute"},"schema":{"@context":"https:\/\/schema.org","@graph":[{"@type":"WebPage","@id":"https:\/\/droitsacces.com\/en\/organization\/board-of-directors\/","url":"https:\/\/droitsacces.com\/en\/organization\/board-of-directors\/","name":"Board of directors - Droits-Acc\u00e8s de l&#039;Outaouais","isPartOf":{"@id":"https:\/\/droitsacces.com\/#website"},"datePublished":"2016-06-23T15:28:44+00:00","dateModified":"2024-12-04T13:49:09+00:00","description":"Our board of directors","breadcrumb":{"@id":"https:\/\/droitsacces.com\/en\/organization\/board-of-directors\/#breadcrumb"},"inLanguage":"en-US","potentialAction":[{"@type":"ReadAction","target":["https:\/\/droitsacces.com\/en\/organization\/board-of-directors\/"]}]},{"@type":"BreadcrumbList","@id":"https:\/\/droitsacces.com\/en\/organization\/board-of-directors\/#breadcrumb","itemListElement":[{"@type":"ListItem","position":1,"name":"Accueil","item":"https:\/\/droitsacces.com\/en\/"},{"@type":"ListItem","position":2,"name":"Organization","item":"https:\/\/droitsacces.com\/organisme\/"},{"@type":"ListItem","position":3,"name":"Board of directors"}]},{"@type":"WebSite","@id":"https:\/\/droitsacces.com\/#website","url":"https:\/\/droitsacces.com\/","name":"Droits-Acc\u00e8s de l&#039;Outaouais","description":"DAO","potentialAction":[{"@type":"SearchAction","target":{"@type":"EntryPoint","urlTemplate":"https:\/\/droitsacces.com\/?s={search_term_string}"},"query-input":{"@type":"PropertyValueSpecification","valueRequired":true,"valueName":"search_term_string"}}],"inLanguage":"en-US"}]}},"_links":{"self":[{"href":"https:\/\/droitsacces.com\/en\/wp-json\/wp\/v2\/pages\/15494","targetHints":{"allow":["GET"]}}],"collection":[{"href":"https:\/\/droitsacces.com\/en\/wp-json\/wp\/v2\/pages"}],"about":[{"href":"https:\/\/droitsacces.com\/en\/wp-json\/wp\/v2\/types\/page"}],"author":[{"embeddable":true,"href":"https:\/\/droitsacces.com\/en\/wp-json\/wp\/v2\/users\/2"}],"replies":[{"embeddable":true,"href":"https:\/\/droitsacces.com\/en\/wp-json\/wp\/v2\/comments?post=15494"}],"version-history":[{"count":3,"href":"https:\/\/droitsacces.com\/en\/wp-json\/wp\/v2\/pages\/15494\/revisions"}],"predecessor-version":[{"id":16234,"href":"https:\/\/droitsacces.com\/en\/wp-json\/wp\/v2\/pages\/15494\/revisions\/16234"}],"up":[{"embeddable":true,"href":"https:\/\/droitsacces.com\/en\/wp-json\/wp\/v2\/pages\/15524"}],"wp:attachment":[{"href":"https:\/\/droitsacces.com\/en\/wp-json\/wp\/v2\/media?parent=15494"}],"curies":[{"name":"wp","href":"https:\/\/api.w.org\/{rel}","templated":true}]}}